{"id":411,"date":"2025-05-14T12:01:12","date_gmt":"2025-05-14T17:01:12","guid":{"rendered":"https:\/\/www.institutobiblicorav.com\/institutorav\/?post_type=product&#038;p=411"},"modified":"2025-05-15T16:04:28","modified_gmt":"2025-05-15T21:04:28","slug":"evangelismo-practico-cuarto-nivel-copia","status":"publish","type":"product","link":"https:\/\/www.institutobiblicorav.com\/institutorav\/producto\/evangelismo-practico-cuarto-nivel-copia\/","title":{"rendered":"Evangelismo Pr\u00e1ctico &#8211; Cuarto Nivel"},"content":{"rendered":"<h3 data-start=\"3537\" data-end=\"3598\">\ud83d\udd39 <strong data-start=\"3544\" data-end=\"3596\">NIVEL 4 \u2013 Evangelismo Misionero y Multiplicaci\u00f3n<\/strong><\/h3>\n<p data-start=\"3599\" data-end=\"3711\">Este nivel capacita al creyente para llevar el Evangelio a otros pueblos, culturas y naciones. Se enfoca en misiones transculturales, plantaci\u00f3n de iglesias, formaci\u00f3n de nuevos evangelistas, y perseverancia en contextos dif\u00edciles. Tambi\u00e9n resalta la visi\u00f3n eterna de la recompensa celestial para quienes proclaman fielmente a Cristo.<\/p>\n<ol data-start=\"3734\" data-end=\"4301\">\n<li data-start=\"3734\" data-end=\"3787\">\n<p data-start=\"3737\" data-end=\"3787\"><strong>Fundamentos del llamado misionero<\/strong> \u2013 <em data-start=\"3773\" data-end=\"3785\">Isa\u00edas 6:8<\/em><\/p>\n<\/li>\n<li data-start=\"3788\" data-end=\"3833\">\n<p data-start=\"3791\" data-end=\"3833\"><strong>Evangelismo transcultural<\/strong> \u2013 <em data-start=\"3819\" data-end=\"3831\">Hechos 1:8<\/em><\/p>\n<\/li>\n<li data-start=\"3834\" data-end=\"3895\">\n<p data-start=\"3837\" data-end=\"3895\"><strong>Plantaci\u00f3n de iglesias y discipulado<\/strong> \u2013 <em data-start=\"3876\" data-end=\"3893\">Hechos 14:21-23<\/em><\/p>\n<\/li>\n<li data-start=\"3896\" data-end=\"3953\">\n<p data-start=\"3899\" data-end=\"3953\"><strong>C\u00f3mo iniciar una obra desde cero<\/strong> \u2013 <em data-start=\"3934\" data-end=\"3951\">Hechos 16:13-15<\/em><\/p>\n<\/li>\n<li data-start=\"3954\" data-end=\"4014\">\n<p data-start=\"3957\" data-end=\"4014\"><strong>El evangelismo en contextos hostiles<\/strong> \u2013 <em data-start=\"3996\" data-end=\"4012\">2 Timoteo 3:12<\/em><\/p>\n<\/li>\n<li data-start=\"4015\" data-end=\"4082\">\n<p data-start=\"4018\" data-end=\"4082\"><strong>El papel de la iglesia en el env\u00edo misionero<\/strong> \u2013 <em data-start=\"4065\" data-end=\"4080\">Hechos 13:2-3<\/em><\/p>\n<\/li>\n<li data-start=\"4083\" data-end=\"4134\">\n<p data-start=\"4086\" data-end=\"4134\"><strong>Formando nuevos evangelistas<\/strong> \u2013 <em data-start=\"4117\" data-end=\"4132\">2 Timoteo 2:2<\/em><\/p>\n<\/li>\n<li data-start=\"4135\" data-end=\"4183\">\n<p data-start=\"4138\" data-end=\"4183\"><strong>Perseverancia a largo plazo<\/strong> \u2013 <em data-start=\"4168\" data-end=\"4181\">G\u00e1latas 6:9<\/em><\/p>\n<\/li>\n<li data-start=\"4184\" data-end=\"4233\">\n<p data-start=\"4187\" data-end=\"4233\"><strong>Sufrimiento y recompensa<\/strong> \u2013 <em data-start=\"4214\" data-end=\"4231\">2 Timoteo 4:5-8<\/em><\/p>\n<\/li>\n<li data-start=\"4234\" data-end=\"4301\">\n<p data-start=\"4238\" data-end=\"4301\"><strong>Coronas eternas y gozo en el cielo<\/strong> \u2013 <em data-start=\"4275\" data-end=\"4301\">1 Tesalonicenses 2:19-20<\/em><\/p>\n<\/li>\n<\/ol>\n<p class=\"ds-markdown-paragraph\"><strong>\ud83c\udfaf Beneficios para el Estudiante:<br \/>\n<\/strong><strong>Totalmente Gratis<\/strong> el nivel completo.<br \/>\n<strong>Acceso 24\/7<\/strong> a clases grabadas, materiales descargables y foros de discusi\u00f3n.<br \/>\n<strong>Certificaci\u00f3n progresiva<\/strong> avalada por la <em>Iglesia Cristiana Filadelfia &#8220;Como R\u00edos de Agua Viva&#8221;<\/em>.<br \/>\n<strong>Tutor\u00eda personalizada<\/strong>\u00a0con docentes calificados.<\/p>\n<p class=\"ds-markdown-paragraph\"><strong>\u23f3 Duraci\u00f3n:<\/strong> 10 Semanas (2 meses y 1\/2 ).<br \/>\n<strong>\ud83d\udcbb Modalidad:<\/strong> 100% Online, a tu ritmo.<\/p>\n<p class=\"ds-markdown-paragraph\"><strong>\u271d\ufe0f \u00bfListo para comenzar tu formaci\u00f3n?<\/strong><br \/>\n\ud83d\udc49\u00a0<em>&#8220;Inscr\u00edbete hoy&#8221;<\/em><\/p>\n","protected":false},"excerpt":{"rendered":"<h3 data-start=\"2686\" data-end=\"2730\">\ud83d\udd39 <strong data-start=\"3544\" data-end=\"3596\">NIVEL 4 \u2013 Evangelismo Misionero y Multiplicaci\u00f3n<\/strong><\/h3>\n<p data-start=\"3599\" data-end=\"3711\">Este nivel capacita al creyente para llevar el Evangelio a otros pueblos, culturas y naciones. Se enfoca en misiones transculturales, plantaci\u00f3n de iglesias, formaci\u00f3n de nuevos evangelistas, y perseverancia en contextos dif\u00edciles. Tambi\u00e9n resalta la visi\u00f3n eterna de la recompensa celestial para quienes proclaman fielmente a Cristo.<\/p>\n<ol data-start=\"3734\" data-end=\"4301\">\n<li data-start=\"3734\" data-end=\"3787\">\n<p data-start=\"3737\" data-end=\"3787\"><strong>Fundamentos del llamado misionero<\/strong> \u2013 <em data-start=\"3773\" data-end=\"3785\">Isa\u00edas 6:8<\/em><\/p>\n<\/li>\n<li data-start=\"3788\" data-end=\"3833\">\n<p data-start=\"3791\" data-end=\"3833\"><strong>Evangelismo transcultural<\/strong> \u2013 <em data-start=\"3819\" data-end=\"3831\">Hechos 1:8<\/em><\/p>\n<\/li>\n<li data-start=\"3834\" data-end=\"3895\">\n<p data-start=\"3837\" data-end=\"3895\"><strong>Plantaci\u00f3n de iglesias y discipulado<\/strong> \u2013 <em data-start=\"3876\" data-end=\"3893\">Hechos 14:21-23<\/em><\/p>\n<\/li>\n<li data-start=\"3896\" data-end=\"3953\">\n<p data-start=\"3899\" data-end=\"3953\"><strong>C\u00f3mo iniciar una obra desde cero<\/strong> \u2013 <em data-start=\"3934\" data-end=\"3951\">Hechos 16:13-15<\/em><\/p>\n<\/li>\n<li data-start=\"3954\" data-end=\"4014\">\n<p data-start=\"3957\" data-end=\"4014\"><strong>El evangelismo en contextos hostiles<\/strong> \u2013 <em data-start=\"3996\" data-end=\"4012\">2 Timoteo 3:12<\/em><\/p>\n<\/li>\n<li data-start=\"4015\" data-end=\"4082\">\n<p data-start=\"4018\" data-end=\"4082\"><strong>El papel de la iglesia en el env\u00edo misionero<\/strong> \u2013 <em data-start=\"4065\" data-end=\"4080\">Hechos 13:2-3<\/em><\/p>\n<\/li>\n<li data-start=\"4083\" data-end=\"4134\">\n<p data-start=\"4086\" data-end=\"4134\"><strong>Formando nuevos evangelistas<\/strong> \u2013 <em data-start=\"4117\" data-end=\"4132\">2 Timoteo 2:2<\/em><\/p>\n<\/li>\n<li data-start=\"4135\" data-end=\"4183\">\n<p data-start=\"4138\" data-end=\"4183\"><strong>Perseverancia a largo plazo<\/strong> \u2013 <em data-start=\"4168\" data-end=\"4181\">G\u00e1latas 6:9<\/em><\/p>\n<\/li>\n<li data-start=\"4184\" data-end=\"4233\">\n<p data-start=\"4187\" data-end=\"4233\"><strong>Sufrimiento y recompensa<\/strong> \u2013 <em data-start=\"4214\" data-end=\"4231\">2 Timoteo 4:5-8<\/em><\/p>\n<\/li>\n<li data-start=\"4234\" data-end=\"4301\">\n<p data-start=\"4238\" data-end=\"4301\"><strong>Coronas eternas y gozo en el cielo<\/strong> \u2013 <em data-start=\"4275\" data-end=\"4301\">1 Tesalonicenses 2:19-20<\/em><\/p>\n<\/li>\n<\/ol>\n<p class=\"ds-markdown-paragraph\"><strong>\u2705 Beneficios:<\/strong><br \/>\n\u2714 Totalmente <strong>Gratis<\/strong><br \/>\n\u2714 Acceso 24\/7 a clases en l\u00ednea<br \/>\n\u2714 Una Lecci\u00f3n por Semana<br \/>\n\u2714 Material descargable y certificaci\u00f3n progresiva<br \/>\n\u2714 Tutor\u00eda personalizada<\/p>\n<p class=\"ds-markdown-paragraph\"><strong>\u23f3 Duraci\u00f3n:<\/strong> 10 Semanas (2 meses y 1\/2) | <strong>\ud83d\udcbb Modalidad:<\/strong>\u00a0100% Online<br \/>\n<strong>\u271d\ufe0f \u00a1Inscr\u00edbete hoy y da el primer paso en el Evangelismo Pr\u00e1ctico!<\/strong><\/p>\n<hr \/>\n<p class=\"ds-markdown-paragraph\"><strong>\ud83d\udca1 Ideal para:<\/strong> Nuevos Creyentes, Estudiantes, L\u00edderes y cualquier persona que desee profundizar en el Evangelismo Pr\u00e1ctico.<\/p>\n","protected":false},"featured_media":412,"comment_status":"closed","ping_status":"closed","template":"","meta":{"_kad_post_transparent":"default","_kad_post_title":"","_kad_post_layout":"default","_kad_post_sidebar_id":"","_kad_post_content_style":"default","_kad_post_vertical_padding":"default","_kad_post_feature":"","_kad_post_feature_position":"","_kad_post_header":false,"_kad_post_footer":false,"_kad_post_classname":"","_joinchat":[]},"product_brand":[],"product_cat":[25],"product_tag":[29,27,28,35,36,26,30],"class_list":{"0":"post-411","1":"product","2":"type-product","3":"status-publish","4":"has-post-thumbnail","6":"product_cat-evangelismo","7":"product_tag-acceso","8":"product_tag-biblia","9":"product_tag-cuatrimestres","10":"product_tag-discipulado","11":"product_tag-evangelismo","12":"product_tag-instituto","13":"product_tag-materias","15":"first","16":"instock","17":"virtual","18":"sold-individually","19":"product-type-simple","20":"entry","21":"content-bg","22":"loop-entry"},"_links":{"self":[{"href":"https:\/\/www.institutobiblicorav.com\/institutorav\/wp-json\/wp\/v2\/product\/411","targetHints":{"allow":["GET"]}}],"collection":[{"href":"https:\/\/www.institutobiblicorav.com\/institutorav\/wp-json\/wp\/v2\/product"}],"about":[{"href":"https:\/\/www.institutobiblicorav.com\/institutorav\/wp-json\/wp\/v2\/types\/product"}],"replies":[{"embeddable":true,"href":"https:\/\/www.institutobiblicorav.com\/institutorav\/wp-json\/wp\/v2\/comments?post=411"}],"wp:featuredmedia":[{"embeddable":true,"href":"https:\/\/www.institutobiblicorav.com\/institutorav\/wp-json\/wp\/v2\/media\/412"}],"wp:attachment":[{"href":"https:\/\/www.institutobiblicorav.com\/institutorav\/wp-json\/wp\/v2\/media?parent=411"}],"wp:term":[{"taxonomy":"product_brand","embeddable":true,"href":"https:\/\/www.institutobiblicorav.com\/institutorav\/wp-json\/wp\/v2\/product_brand?post=411"},{"taxonomy":"product_cat","embeddable":true,"href":"https:\/\/www.institutobiblicorav.com\/institutorav\/wp-json\/wp\/v2\/product_cat?post=411"},{"taxonomy":"product_tag","embeddable":true,"href":"https:\/\/www.institutobiblicorav.com\/institutorav\/wp-json\/wp\/v2\/product_tag?post=411"}],"curies":[{"name":"wp","href":"https:\/\/api.w.org\/{rel}","templated":true}]}}