{"id":387,"date":"2025-05-12T11:39:53","date_gmt":"2025-05-12T16:39:53","guid":{"rendered":"https:\/\/www.institutobiblicorav.com\/institutorav\/?post_type=product&#038;p=387"},"modified":"2025-05-15T16:07:03","modified_gmt":"2025-05-15T21:07:03","slug":"evangelismo-practico-nivel-2","status":"publish","type":"product","link":"https:\/\/www.institutobiblicorav.com\/institutorav\/producto\/evangelismo-practico-nivel-2\/","title":{"rendered":"Evangelismo Pr\u00e1ctico &#8211; Segundo Nivel"},"content":{"rendered":"<h3 data-start=\"1736\" data-end=\"1801\">\ud83d\udd39 <strong data-start=\"1743\" data-end=\"1799\">NIVEL 2 \u2013 Preparaci\u00f3n y Herramientas del Evangelista<\/strong><\/h3>\n<p data-start=\"1802\" data-end=\"1891\">Este nivel prepara al creyente para compartir eficazmente el mensaje del Evangelio, ense\u00f1\u00e1ndole c\u00f3mo comunicar su testimonio, presentar el plan de salvaci\u00f3n, responder objeciones comunes y evangelizar con sabidur\u00eda en distintos contextos. Adem\u00e1s, ense\u00f1a a acompa\u00f1ar nuevos creyentes y a evangelizar a personas religiosas o creyentes nominales.<\/p>\n<ol data-start=\"1914\" data-end=\"2504\">\n<li data-start=\"1914\" data-end=\"1976\">\n<p data-start=\"1917\" data-end=\"1976\"><strong>C\u00f3mo compartir tu testimonio personal<\/strong> \u2013 <em data-start=\"1957\" data-end=\"1974\">Hechos 26:22-23<\/em><\/p>\n<\/li>\n<li data-start=\"1977\" data-end=\"2034\">\n<p data-start=\"1980\" data-end=\"2034\"><strong>C\u00f3mo presentar el plan de salvaci\u00f3n<\/strong> \u2013 <em data-start=\"2018\" data-end=\"2032\">Romanos 6:23<\/em><\/p>\n<\/li>\n<li data-start=\"2035\" data-end=\"2097\">\n<p data-start=\"2038\" data-end=\"2097\"><strong>C\u00f3mo hacer llamados al arrepentimiento<\/strong> \u2013 <em data-start=\"2079\" data-end=\"2095\">Hechos 2:37-38<\/em><\/p>\n<\/li>\n<li data-start=\"2098\" data-end=\"2153\">\n<p data-start=\"2101\" data-end=\"2153\"><strong>Respondiendo a objeciones comunes<\/strong> \u2013 <em data-start=\"2137\" data-end=\"2151\">1 Pedro 3:15<\/em><\/p>\n<\/li>\n<li data-start=\"2154\" data-end=\"2211\">\n<p data-start=\"2157\" data-end=\"2211\"><strong>Evangelismo a personas religiosas<\/strong> \u2013 <em data-start=\"2193\" data-end=\"2209\">Mateo 23:27-28<\/em><\/p>\n<\/li>\n<li data-start=\"2212\" data-end=\"2276\">\n<p data-start=\"2215\" data-end=\"2276\"><strong>Evangelismo en familia y c\u00edrculos cercanos<\/strong> \u2013 <em data-start=\"2260\" data-end=\"2274\">Hechos 16:31<\/em><\/p>\n<\/li>\n<li data-start=\"2277\" data-end=\"2320\">\n<p data-start=\"2280\" data-end=\"2320\"><strong>Evangelismo uno a uno<\/strong> \u2013 <em data-start=\"2304\" data-end=\"2318\">Juan 4:28-30<\/em><\/p>\n<\/li>\n<li data-start=\"2321\" data-end=\"2375\">\n<p data-start=\"2324\" data-end=\"2375\"><strong>Evangelismo en espacios p\u00fablicos<\/strong> \u2013 <em data-start=\"2359\" data-end=\"2373\">Hechos 17:17<\/em><\/p>\n<\/li>\n<li data-start=\"2376\" data-end=\"2445\">\n<p data-start=\"2379\" data-end=\"2445\"><strong>El uso de tratados, Biblia y recursos digitales<\/strong> \u2013 <em data-start=\"2429\" data-end=\"2443\">Isa\u00edas 55:11<\/em><\/p>\n<\/li>\n<li data-start=\"2446\" data-end=\"2504\">\n<p data-start=\"2450\" data-end=\"2504\"><strong>C\u00f3mo acompa\u00f1ar a nuevos creyentes<\/strong> \u2013 <em data-start=\"2486\" data-end=\"2504\">Colosenses 2:6-7<\/em><\/p>\n<\/li>\n<\/ol>\n<p class=\"ds-markdown-paragraph\"><strong>\ud83c\udfaf Beneficios para el Estudiante:<br \/>\n<\/strong><strong>Totalmente Gratis<\/strong> el nivel completo.<br \/>\n<strong>Acceso 24\/7<\/strong> a clases grabadas, materiales descargables y foros de discusi\u00f3n.<br \/>\n<strong>Certificaci\u00f3n progresiva<\/strong> avalada por la <em>Iglesia Cristiana Filadelfia &#8220;Como R\u00edos de Agua Viva&#8221;<\/em>.<br \/>\n<strong>Tutor\u00eda personalizada<\/strong>\u00a0con docentes calificados.<\/p>\n<p class=\"ds-markdown-paragraph\"><strong>\u23f3 Duraci\u00f3n:<\/strong> 10 Semanas (2 meses y 1\/2 ).<br \/>\n<strong>\ud83d\udcbb Modalidad:<\/strong> 100% Online, a tu ritmo.<\/p>\n<p class=\"ds-markdown-paragraph\"><strong>\u271d\ufe0f \u00bfListo para comenzar tu formaci\u00f3n?<\/strong><br \/>\n\ud83d\udc49\u00a0<em>&#8220;Inscr\u00edbete hoy&#8221;<\/em><\/p>\n","protected":false},"excerpt":{"rendered":"<h3 data-start=\"1736\" data-end=\"1801\">\ud83d\udd39 <strong data-start=\"1743\" data-end=\"1799\">NIVEL 2 \u2013 Preparaci\u00f3n y Herramientas del Evangelista<\/strong><\/h3>\n<p data-start=\"1802\" data-end=\"1891\">Este nivel prepara al creyente para compartir eficazmente el mensaje del Evangelio, ense\u00f1\u00e1ndole c\u00f3mo comunicar su testimonio, presentar el plan de salvaci\u00f3n, responder objeciones comunes y evangelizar con sabidur\u00eda en distintos contextos. Adem\u00e1s, ense\u00f1a a acompa\u00f1ar nuevos creyentes y a evangelizar a personas religiosas o creyentes nominales.<\/p>\n<ol data-start=\"1914\" data-end=\"2504\">\n<li data-start=\"1914\" data-end=\"1976\">\n<p data-start=\"1917\" data-end=\"1976\"><strong>C\u00f3mo compartir tu testimonio personal<\/strong> \u2013 <em data-start=\"1957\" data-end=\"1974\">Hechos 26:22-23<\/em><\/p>\n<\/li>\n<li data-start=\"1977\" data-end=\"2034\">\n<p data-start=\"1980\" data-end=\"2034\"><strong>C\u00f3mo presentar el plan de salvaci\u00f3n<\/strong> \u2013 <em data-start=\"2018\" data-end=\"2032\">Romanos 6:23<\/em><\/p>\n<\/li>\n<li data-start=\"2035\" data-end=\"2097\">\n<p data-start=\"2038\" data-end=\"2097\"><strong>C\u00f3mo hacer llamados al arrepentimiento<\/strong> \u2013 <em data-start=\"2079\" data-end=\"2095\">Hechos 2:37-38<\/em><\/p>\n<\/li>\n<li data-start=\"2098\" data-end=\"2153\">\n<p data-start=\"2101\" data-end=\"2153\"><strong>Respondiendo a objeciones comunes<\/strong> \u2013 <em data-start=\"2137\" data-end=\"2151\">1 Pedro 3:15<\/em><\/p>\n<\/li>\n<li data-start=\"2154\" data-end=\"2211\">\n<p data-start=\"2157\" data-end=\"2211\"><strong>Evangelismo a personas religiosas<\/strong> \u2013 <em data-start=\"2193\" data-end=\"2209\">Mateo 23:27-28<\/em><\/p>\n<\/li>\n<li data-start=\"2212\" data-end=\"2276\">\n<p data-start=\"2215\" data-end=\"2276\"><strong>Evangelismo en familia y c\u00edrculos cercanos<\/strong> \u2013 <em data-start=\"2260\" data-end=\"2274\">Hechos 16:31<\/em><\/p>\n<\/li>\n<li data-start=\"2277\" data-end=\"2320\">\n<p data-start=\"2280\" data-end=\"2320\"><strong>Evangelismo uno a uno<\/strong> \u2013 <em data-start=\"2304\" data-end=\"2318\">Juan 4:28-30<\/em><\/p>\n<\/li>\n<li data-start=\"2321\" data-end=\"2375\">\n<p data-start=\"2324\" data-end=\"2375\"><strong>Evangelismo en espacios p\u00fablicos<\/strong> \u2013 <em data-start=\"2359\" data-end=\"2373\">Hechos 17:17<\/em><\/p>\n<\/li>\n<li data-start=\"2376\" data-end=\"2445\">\n<p data-start=\"2379\" data-end=\"2445\"><strong>El uso de tratados, Biblia y recursos digitales<\/strong> \u2013 <em data-start=\"2429\" data-end=\"2443\">Isa\u00edas 55:11<\/em><\/p>\n<\/li>\n<li data-start=\"2446\" data-end=\"2504\">\n<p data-start=\"2450\" data-end=\"2504\"><strong>C\u00f3mo acompa\u00f1ar a nuevos creyentes<\/strong> \u2013 <em data-start=\"2486\" data-end=\"2504\">Colosenses 2:6-7<\/em><\/p>\n<\/li>\n<\/ol>\n<p class=\"ds-markdown-paragraph\"><strong>\u2705 Beneficios:<\/strong><br \/>\n\u2714 Totalmente <strong>Gratis<\/strong><br \/>\n\u2714 Acceso 24\/7 a clases en l\u00ednea<br \/>\n\u2714 Una Lecci\u00f3n por Semana<br \/>\n\u2714 Material descargable y certificaci\u00f3n progresiva<br \/>\n\u2714 Tutor\u00eda personalizada<\/p>\n<p class=\"ds-markdown-paragraph\"><strong>\u23f3 Duraci\u00f3n:<\/strong> 10 Semanas (2 meses y 1\/2) | <strong>\ud83d\udcbb Modalidad:<\/strong>\u00a0100% Online<br \/>\n<strong>\u271d\ufe0f \u00a1Inscr\u00edbete hoy y da el primer paso en el Evangelismo Pr\u00e1ctico!<\/strong><\/p>\n<hr \/>\n<p class=\"ds-markdown-paragraph\"><strong>\ud83d\udca1 Ideal para:<\/strong> Nuevos Creyentes, Estudiantes, L\u00edderes y cualquier persona que desee profundizar en el Evangelismo Pr\u00e1ctico.<\/p>\n","protected":false},"featured_media":409,"comment_status":"closed","ping_status":"closed","template":"","meta":{"_kad_post_transparent":"default","_kad_post_title":"","_kad_post_layout":"default","_kad_post_sidebar_id":"","_kad_post_content_style":"default","_kad_post_vertical_padding":"default","_kad_post_feature":"","_kad_post_feature_position":"","_kad_post_header":false,"_kad_post_footer":false,"_kad_post_classname":"","_joinchat":[]},"product_brand":[],"product_cat":[25],"product_tag":[29,27,28,35,36,26,30],"class_list":{"0":"post-387","1":"product","2":"type-product","3":"status-publish","4":"has-post-thumbnail","6":"product_cat-evangelismo","7":"product_tag-acceso","8":"product_tag-biblia","9":"product_tag-cuatrimestres","10":"product_tag-discipulado","11":"product_tag-evangelismo","12":"product_tag-instituto","13":"product_tag-materias","15":"first","16":"instock","17":"virtual","18":"sold-individually","19":"product-type-simple","20":"entry","21":"content-bg","22":"loop-entry"},"_links":{"self":[{"href":"https:\/\/www.institutobiblicorav.com\/institutorav\/wp-json\/wp\/v2\/product\/387","targetHints":{"allow":["GET"]}}],"collection":[{"href":"https:\/\/www.institutobiblicorav.com\/institutorav\/wp-json\/wp\/v2\/product"}],"about":[{"href":"https:\/\/www.institutobiblicorav.com\/institutorav\/wp-json\/wp\/v2\/types\/product"}],"replies":[{"embeddable":true,"href":"https:\/\/www.institutobiblicorav.com\/institutorav\/wp-json\/wp\/v2\/comments?post=387"}],"wp:featuredmedia":[{"embeddable":true,"href":"https:\/\/www.institutobiblicorav.com\/institutorav\/wp-json\/wp\/v2\/media\/409"}],"wp:attachment":[{"href":"https:\/\/www.institutobiblicorav.com\/institutorav\/wp-json\/wp\/v2\/media?parent=387"}],"wp:term":[{"taxonomy":"product_brand","embeddable":true,"href":"https:\/\/www.institutobiblicorav.com\/institutorav\/wp-json\/wp\/v2\/product_brand?post=387"},{"taxonomy":"product_cat","embeddable":true,"href":"https:\/\/www.institutobiblicorav.com\/institutorav\/wp-json\/wp\/v2\/product_cat?post=387"},{"taxonomy":"product_tag","embeddable":true,"href":"https:\/\/www.institutobiblicorav.com\/institutorav\/wp-json\/wp\/v2\/product_tag?post=387"}],"curies":[{"name":"wp","href":"https:\/\/api.w.org\/{rel}","templated":true}]}}