{"id":651,"date":"2025-05-25T18:03:59","date_gmt":"2025-05-25T23:03:59","guid":{"rendered":"https:\/\/www.institutobiblicorav.com\/institutorav\/?page_id=651"},"modified":"2025-05-29T09:09:21","modified_gmt":"2025-05-29T14:09:21","slug":"contacto","status":"publish","type":"page","link":"https:\/\/www.institutobiblicorav.com\/institutorav\/contacto\/","title":{"rendered":"Contacto"},"content":{"rendered":"<style>.kb-row-layout-id651_983a78-5d > .kt-row-column-wrap{align-content:start;}:where(.kb-row-layout-id651_983a78-5d > .kt-row-column-wrap) > .wp-block-kadence-column{justify-content:start;}.kb-row-layout-id651_983a78-5d > .kt-row-column-wrap{column-gap:var(--global-kb-gap-md, 2rem);row-gap:var(--global-kb-gap-md, 2rem);max-width:var( --global-content-width, 1290px );padding-left:var(--global-content-edge-padding);padding-right:var(--global-content-edge-padding);padding-top:var(--global-kb-spacing-sm, 1.5rem);padding-bottom:var(--global-kb-spacing-sm, 1.5rem);grid-template-columns:minmax(0, 1fr);}.kb-row-layout-id651_983a78-5d{background-color:#012452;}.kb-row-layout-id651_983a78-5d > .kt-row-layout-overlay{opacity:0.30;}@media all and (max-width: 1024px){.kb-row-layout-id651_983a78-5d > .kt-row-column-wrap{grid-template-columns:minmax(0, 1fr);}}@media all and (max-width: 767px){.kb-row-layout-id651_983a78-5d > .kt-row-column-wrap{grid-template-columns:minmax(0, 1fr);}}<\/style><div class=\"kb-row-layout-wrap kb-row-layout-id651_983a78-5d alignnone kt-row-has-bg wp-block-kadence-rowlayout\"><div class=\"kt-row-column-wrap kt-has-1-columns kt-row-layout-equal kt-tab-layout-inherit kt-mobile-layout-row kt-row-valign-top kb-theme-content-width\">\n<style>.kadence-column651_e99df4-ce > .kt-inside-inner-col,.kadence-column651_e99df4-ce > .kt-inside-inner-col:before{border-top-left-radius:0px;border-top-right-radius:0px;border-bottom-right-radius:0px;border-bottom-left-radius:0px;}.kadence-column651_e99df4-ce > .kt-inside-inner-col{column-gap:var(--global-kb-gap-sm, 1rem);}.kadence-column651_e99df4-ce > .kt-inside-inner-col{flex-direction:column;}.kadence-column651_e99df4-ce > .kt-inside-inner-col > .aligncenter{width:100%;}.kadence-column651_e99df4-ce > .kt-inside-inner-col:before{opacity:0.3;}.kadence-column651_e99df4-ce{position:relative;}@media all and (max-width: 1024px){.kadence-column651_e99df4-ce > .kt-inside-inner-col{flex-direction:column;justify-content:center;}}@media all and (max-width: 767px){.kadence-column651_e99df4-ce > .kt-inside-inner-col{flex-direction:column;justify-content:center;}}<\/style>\n<div class=\"wp-block-kadence-column kadence-column651_e99df4-ce\"><div class=\"kt-inside-inner-col\"><style>.wp-block-kadence-advancedheading.kt-adv-heading651_2670a4-05, .wp-block-kadence-advancedheading.kt-adv-heading651_2670a4-05[data-kb-block=\"kb-adv-heading651_2670a4-05\"]{text-align:center;font-style:normal;}.wp-block-kadence-advancedheading.kt-adv-heading651_2670a4-05 mark.kt-highlight, .wp-block-kadence-advancedheading.kt-adv-heading651_2670a4-05[data-kb-block=\"kb-adv-heading651_2670a4-05\"] mark.kt-highlight{font-style:normal;color:#f76a0c;-webkit-box-decoration-break:clone;box-decoration-break:clone;padding-top:0px;padding-right:0px;padding-bottom:0px;padding-left:0px;}.wp-block-kadence-advancedheading.kt-adv-heading651_2670a4-05 img.kb-inline-image, .wp-block-kadence-advancedheading.kt-adv-heading651_2670a4-05[data-kb-block=\"kb-adv-heading651_2670a4-05\"] img.kb-inline-image{width:150px;vertical-align:baseline;}<\/style>\n<h2 class=\"kt-adv-heading651_2670a4-05 wp-block-kadence-advancedheading has-theme-palette-9-color has-text-color\" data-kb-block=\"kb-adv-heading651_2670a4-05\">\u00bfListo para Sumergirte en Aguas Profundas?<\/h2>\n\n\n<style>.wp-block-kadence-advancedheading.kt-adv-heading651_b05440-ec, .wp-block-kadence-advancedheading.kt-adv-heading651_b05440-ec[data-kb-block=\"kb-adv-heading651_b05440-ec\"]{text-align:center;font-style:normal;}.wp-block-kadence-advancedheading.kt-adv-heading651_b05440-ec mark.kt-highlight, .wp-block-kadence-advancedheading.kt-adv-heading651_b05440-ec[data-kb-block=\"kb-adv-heading651_b05440-ec\"] mark.kt-highlight{font-style:normal;color:#f76a0c;-webkit-box-decoration-break:clone;box-decoration-break:clone;padding-top:0px;padding-right:0px;padding-bottom:0px;padding-left:0px;}.wp-block-kadence-advancedheading.kt-adv-heading651_b05440-ec img.kb-inline-image, .wp-block-kadence-advancedheading.kt-adv-heading651_b05440-ec[data-kb-block=\"kb-adv-heading651_b05440-ec\"] img.kb-inline-image{width:150px;vertical-align:baseline;}<\/style>\n<p class=\"kt-adv-heading651_b05440-ec wp-block-kadence-advancedheading has-theme-palette-9-color has-text-color\" data-kb-block=\"kb-adv-heading651_b05440-ec\">Comienza tu viaje de formaci\u00f3n b\u00edblica hoy mismo.<\/p>\n<\/div><\/div>\n\n<\/div><\/div>\n\n<style>.kb-row-layout-id651_483e02-ae > .kt-row-column-wrap{align-content:start;}:where(.kb-row-layout-id651_483e02-ae > .kt-row-column-wrap) > .wp-block-kadence-column{justify-content:start;}.kb-row-layout-id651_483e02-ae > .kt-row-column-wrap{column-gap:var(--global-kb-gap-md, 2rem);row-gap:var(--global-kb-gap-md, 2rem);grid-template-columns:minmax(0, 1fr);}.kb-row-layout-id651_483e02-ae > .kt-row-layout-overlay{opacity:0.30;}@media all and (max-width: 1024px){.kb-row-layout-id651_483e02-ae > .kt-row-column-wrap{grid-template-columns:minmax(0, 1fr);}}@media all and (max-width: 767px){.kb-row-layout-id651_483e02-ae > .kt-row-column-wrap{grid-template-columns:minmax(0, 1fr);}}<\/style><div class=\"kb-row-layout-wrap kb-row-layout-id651_483e02-ae alignnone wp-block-kadence-rowlayout\"><div class=\"kt-row-column-wrap kt-has-1-columns kt-row-layout-equal kt-tab-layout-inherit kt-mobile-layout-row kt-row-valign-top\">\n<style>.kadence-column651_d92876-16 > .kt-inside-inner-col,.kadence-column651_d92876-16 > .kt-inside-inner-col:before{border-top-left-radius:0px;border-top-right-radius:0px;border-bottom-right-radius:0px;border-bottom-left-radius:0px;}.kadence-column651_d92876-16 > .kt-inside-inner-col{column-gap:var(--global-kb-gap-sm, 1rem);}.kadence-column651_d92876-16 > .kt-inside-inner-col{flex-direction:column;}.kadence-column651_d92876-16 > .kt-inside-inner-col > .aligncenter{width:100%;}.kadence-column651_d92876-16 > .kt-inside-inner-col:before{opacity:0.3;}.kadence-column651_d92876-16{position:relative;}@media all and (max-width: 1024px){.kadence-column651_d92876-16 > .kt-inside-inner-col{flex-direction:column;justify-content:center;}}@media all and (max-width: 767px){.kadence-column651_d92876-16 > .kt-inside-inner-col{flex-direction:column;justify-content:center;}}<\/style>\n<div class=\"wp-block-kadence-column kadence-column651_d92876-16\"><div class=\"kt-inside-inner-col\"><style>.wp-block-kadence-advancedheading.kt-adv-heading651_cf7a3f-7c, .wp-block-kadence-advancedheading.kt-adv-heading651_cf7a3f-7c[data-kb-block=\"kb-adv-heading651_cf7a3f-7c\"]{text-align:center;font-style:normal;color:#ffffff;background-color:#012452;}.wp-block-kadence-advancedheading.kt-adv-heading651_cf7a3f-7c mark.kt-highlight, .wp-block-kadence-advancedheading.kt-adv-heading651_cf7a3f-7c[data-kb-block=\"kb-adv-heading651_cf7a3f-7c\"] mark.kt-highlight{font-style:normal;color:#f76a0c;-webkit-box-decoration-break:clone;box-decoration-break:clone;padding-top:0px;padding-right:0px;padding-bottom:0px;padding-left:0px;}.wp-block-kadence-advancedheading.kt-adv-heading651_cf7a3f-7c img.kb-inline-image, .wp-block-kadence-advancedheading.kt-adv-heading651_cf7a3f-7c[data-kb-block=\"kb-adv-heading651_cf7a3f-7c\"] img.kb-inline-image{width:150px;vertical-align:baseline;}<\/style>\n<h2 class=\"kt-adv-heading651_cf7a3f-7c wp-block-kadence-advancedheading\" data-kb-block=\"kb-adv-heading651_cf7a3f-7c\">Necesitas m\u00e1s&#8230; Informaci\u00f3n? Cont\u00e1ctanos<\/h2>\n<\/div><\/div>\n\n<\/div><\/div>\n\n<style>.kb-row-layout-id651_afe389-26 > .kt-row-column-wrap{align-content:start;}:where(.kb-row-layout-id651_afe389-26 > .kt-row-column-wrap) > .wp-block-kadence-column{justify-content:start;}.kb-row-layout-id651_afe389-26 > .kt-row-column-wrap{column-gap:var(--global-kb-gap-md, 2rem);row-gap:var(--global-kb-gap-md, 2rem);max-width:var( --global-content-width, 1290px );padding-left:var(--global-content-edge-padding);padding-right:var(--global-content-edge-padding);padding-top:var(--global-kb-spacing-sm, 1.5rem);padding-bottom:var(--global-kb-spacing-sm, 1.5rem);}.kb-row-layout-id651_afe389-26 > .kt-row-column-wrap > div:not(.added-for-specificity){grid-column:initial;}.kb-row-layout-id651_afe389-26 > .kt-row-column-wrap{grid-template-columns:minmax(0, 1fr) minmax(0, 2fr) minmax(0, 1fr);}.kb-row-layout-id651_afe389-26{background-color:#012452;}.kb-row-layout-id651_afe389-26 > .kt-row-layout-overlay{opacity:0.30;}@media all and (max-width: 1024px){.kb-row-layout-id651_afe389-26 > .kt-row-column-wrap > div:not(.added-for-specificity){grid-column:initial;}}@media all and (max-width: 1024px){.kb-row-layout-id651_afe389-26 > .kt-row-column-wrap{grid-template-columns:minmax(0, 1fr) minmax(0, 2fr) minmax(0, 1fr);}}@media all and (max-width: 767px){.kb-row-layout-id651_afe389-26 > .kt-row-column-wrap > div:not(.added-for-specificity){grid-column:initial;}.kb-row-layout-id651_afe389-26 > .kt-row-column-wrap{grid-template-columns:minmax(0, 1fr);}}<\/style><div class=\"kb-row-layout-wrap kb-row-layout-id651_afe389-26 alignnone kt-row-has-bg wp-block-kadence-rowlayout\"><div class=\"kt-row-column-wrap kt-has-3-columns kt-row-layout-center-half kt-tab-layout-inherit kt-mobile-layout-row kt-row-valign-top kb-theme-content-width\">\n<style>.kadence-column651_e4096b-e5 > .kt-inside-inner-col,.kadence-column651_e4096b-e5 > .kt-inside-inner-col:before{border-top-left-radius:0px;border-top-right-radius:0px;border-bottom-right-radius:0px;border-bottom-left-radius:0px;}.kadence-column651_e4096b-e5 > .kt-inside-inner-col{column-gap:var(--global-kb-gap-sm, 1rem);}.kadence-column651_e4096b-e5 > .kt-inside-inner-col{flex-direction:column;}.kadence-column651_e4096b-e5 > .kt-inside-inner-col > .aligncenter{width:100%;}.kadence-column651_e4096b-e5 > .kt-inside-inner-col:before{opacity:0.3;}.kadence-column651_e4096b-e5{position:relative;}@media all and (max-width: 1024px){.kadence-column651_e4096b-e5 > .kt-inside-inner-col{flex-direction:column;justify-content:center;}}@media all and (max-width: 767px){.kadence-column651_e4096b-e5 > .kt-inside-inner-col{flex-direction:column;justify-content:center;}}<\/style>\n<div class=\"wp-block-kadence-column kadence-column651_e4096b-e5\"><div class=\"kt-inside-inner-col\"><\/div><\/div>\n\n\n<style>.kadence-column651_9a7646-b6 > .kt-inside-inner-col,.kadence-column651_9a7646-b6 > .kt-inside-inner-col:before{border-top-left-radius:0px;border-top-right-radius:0px;border-bottom-right-radius:0px;border-bottom-left-radius:0px;}.kadence-column651_9a7646-b6 > .kt-inside-inner-col{column-gap:var(--global-kb-gap-sm, 1rem);}.kadence-column651_9a7646-b6 > .kt-inside-inner-col{flex-direction:column;}.kadence-column651_9a7646-b6 > .kt-inside-inner-col > .aligncenter{width:100%;}.kadence-column651_9a7646-b6 > .kt-inside-inner-col:before{opacity:0.3;}.kadence-column651_9a7646-b6{position:relative;}@media all and (max-width: 1024px){.kadence-column651_9a7646-b6 > .kt-inside-inner-col{flex-direction:column;justify-content:center;}}@media all and (max-width: 767px){.kadence-column651_9a7646-b6 > .kt-inside-inner-col{flex-direction:column;justify-content:center;}}<\/style>\n<div class=\"wp-block-kadence-column kadence-column651_9a7646-b6\"><div class=\"kt-inside-inner-col\">    <form method=\"post\" action=\"\" style=\"max-width:500px;margin:auto;\" id=\"formulario-rav\">\n        <p>\n            <label style=\"color:#FFFFFF;\">Nombre:<\/label><br>\n            <input type=\"text\" name=\"rav_nombre\" required style=\"width:100%;\">\n        <\/p>\n        <p>\n            <label style=\"color:#FFFFFF;\">Apellido:<\/label><br>\n            <input type=\"text\" name=\"rav_apellido\" required style=\"width:100%;\">\n        <\/p>\n        <p>\n            <label style=\"color:#FFFFFF;\">Celular:<\/label><br>\n            <input type=\"text\" name=\"rav_celular\" required style=\"width:100%;\">\n        <\/p>\n        <p>\n            <label style=\"color:#FFFFFF;\">Mensaje:<\/label><br>\n            <textarea name=\"rav_mensaje\" required style=\"width:100%;height:100px;\"><\/textarea>\n        <\/p>\n        <div class=\"g-recaptcha\" data-sitekey=\"6Lch_0grAAAAAJKlneKsieoJ9fFAF26X24Vee0b0\"><\/div>\n        <script src=\"https:\/\/www.google.com\/recaptcha\/api.js\" async defer><\/script>\n        <p style=\"display: flex; gap: 10px;\">\n            <button type=\"submit\" name=\"rav_enviar\" style=\"flex: 1; padding:10px 20px;background-color:#ff6600;color:#fff;border:none;\">Enviar<\/button>\n            <button type=\"reset\" style=\"flex: 1; padding:10px 20px;background-color:#999;color:#fff;border:none;\">Borrar<\/button>\n        <\/p>\n    <\/form>\n    \n<\/div><\/div>\n\n\n<style>.kadence-column651_a6db18-84 > .kt-inside-inner-col,.kadence-column651_a6db18-84 > .kt-inside-inner-col:before{border-top-left-radius:0px;border-top-right-radius:0px;border-bottom-right-radius:0px;border-bottom-left-radius:0px;}.kadence-column651_a6db18-84 > .kt-inside-inner-col{column-gap:var(--global-kb-gap-sm, 1rem);}.kadence-column651_a6db18-84 > .kt-inside-inner-col{flex-direction:column;}.kadence-column651_a6db18-84 > .kt-inside-inner-col > .aligncenter{width:100%;}.kadence-column651_a6db18-84 > .kt-inside-inner-col:before{opacity:0.3;}.kadence-column651_a6db18-84{position:relative;}@media all and (max-width: 1024px){.kadence-column651_a6db18-84 > .kt-inside-inner-col{flex-direction:column;justify-content:center;}}@media all and (max-width: 767px){.kadence-column651_a6db18-84 > .kt-inside-inner-col{flex-direction:column;justify-content:center;}}<\/style>\n<div class=\"wp-block-kadence-column kadence-column651_a6db18-84\"><div class=\"kt-inside-inner-col\"><\/div><\/div>\n\n<\/div><\/div>","protected":false},"excerpt":{"rendered":"<p>\u00bfListo para Sumergirte en Aguas Profundas? Comienza tu viaje de formaci\u00f3n b\u00edblica hoy mismo. Necesitas m\u00e1s&#8230; Informaci\u00f3n? Cont\u00e1ctanos<\/p>\n","protected":false},"author":1,"featured_media":0,"parent":0,"menu_order":0,"comment_status":"closed","ping_status":"closed","template":"","meta":{"_kad_post_transparent":"","_kad_post_title":"","_kad_post_layout":"fullwidth","_kad_post_sidebar_id":"","_kad_post_content_style":"unboxed","_kad_post_vertical_padding":"hide","_kad_post_feature":"","_kad_post_feature_position":"","_kad_post_header":false,"_kad_post_footer":false,"_kad_post_classname":"","_joinchat":[],"footnotes":""},"class_list":["post-651","page","type-page","status-publish","hentry"],"_links":{"self":[{"href":"https:\/\/www.institutobiblicorav.com\/institutorav\/wp-json\/wp\/v2\/pages\/651","targetHints":{"allow":["GET"]}}],"collection":[{"href":"https:\/\/www.institutobiblicorav.com\/institutorav\/wp-json\/wp\/v2\/pages"}],"about":[{"href":"https:\/\/www.institutobiblicorav.com\/institutorav\/wp-json\/wp\/v2\/types\/page"}],"author":[{"embeddable":true,"href":"https:\/\/www.institutobiblicorav.com\/institutorav\/wp-json\/wp\/v2\/users\/1"}],"replies":[{"embeddable":true,"href":"https:\/\/www.institutobiblicorav.com\/institutorav\/wp-json\/wp\/v2\/comments?post=651"}],"version-history":[{"count":5,"href":"https:\/\/www.institutobiblicorav.com\/institutorav\/wp-json\/wp\/v2\/pages\/651\/revisions"}],"predecessor-version":[{"id":663,"href":"https:\/\/www.institutobiblicorav.com\/institutorav\/wp-json\/wp\/v2\/pages\/651\/revisions\/663"}],"wp:attachment":[{"href":"https:\/\/www.institutobiblicorav.com\/institutorav\/wp-json\/wp\/v2\/media?parent=651"}],"curies":[{"name":"wp","href":"https:\/\/api.w.org\/{rel}","templated":true}]}}